{"id":20736,"date":"2023-11-17T07:44:38","date_gmt":"2023-11-17T07:44:38","guid":{"rendered":"https:\/\/purehorseparadise.com\/?page_id=20736"},"modified":"2023-11-17T07:47:07","modified_gmt":"2023-11-17T07:47:07","slug":"algemene-voorwaarden","status":"publish","type":"page","link":"https:\/\/purehorseparadise.com\/nl\/algemene-voorwaarden\/","title":{"rendered":"Algemene voorwaarden"},"content":{"rendered":"\t\t<div data-elementor-type=\"wp-page\" data-elementor-id=\"20736\" class=\"elementor elementor-20736\">\n\t\t\t\t<div class=\"elementor-element elementor-element-0de3bca e-flex e-con-boxed sc_layouts_column_icons_position_left e-con e-parent\" data-id=\"0de3bca\" data-element_type=\"container\" data-e-type=\"container\">\n\t\t\t\t\t<div class=\"e-con-inner\">\n\t\t\t\t<div class=\"elementor-element elementor-element-504bdc0 sc_fly_static elementor-widget elementor-widget-text-editor\" data-id=\"504bdc0\" data-element_type=\"widget\" data-e-type=\"widget\" data-widget_type=\"text-editor.default\">\n\t\t\t\t<div class=\"elementor-widget-container\">\n\t\t\t\t\t\t\t\t\t<p><span lang=\"de-DE\"><b>1. GELTUNGSBEREICH<\/b><\/span><\/p><p><span lang=\"de-DE\">F\u00fcr alle Bestellungen \u00fcber unseren Online-Shop gelten die nachfolgenden AGB. Unser Online-Shop richtet sich ausschlie\u00dflich an Verbraucher.<\/span><\/p><p><span lang=\"de-DE\">Verbraucher ist jede nat\u00fcrliche Person, die ein Rechtsgesch\u00e4ft zu Zwecken abschlie\u00dft, die \u00fcberwiegend weder ihrer gewerblichen noch ihrer selbst\u00e4ndigen beruflichen T\u00e4tigkeit zugerechnet werden k\u00f6nnen. Unternehmer ist eine nat\u00fcrliche oder juristische Person oder eine rechtsf\u00e4hige Personengesellschaft, die bei Abschluss eines Rechtsgesch\u00e4fts in Aus\u00fcbung ihrer gewerblichen oder selbst\u00e4ndigen beruflichen T\u00e4tigkeit handelt.<\/span><\/p><p><span lang=\"de-DE\"><b>2. VERTRAGSPARTNER, VERTRAGSSCHLUSS, KORREKTURM\u00d6GLICHKEITEN<\/b><\/span><\/p><p><span lang=\"de-DE\">Der Kaufvertrag kommt zustande mit Moens \u2013 <\/span><span lang=\"de-DE\">Pure Horse Paradise<\/span><span lang=\"de-DE\">.<\/span><\/p><p><span lang=\"de-DE\">Mit Einstellung der Produkte in den Online-Shop geben wir ein verbindliches Angebot zum Vertragsschluss \u00fcber diese Artikel ab. Sie k\u00f6nnen unsere Produkte zun\u00e4chst unverbindlich in den Warenkorb legen und Ihre Eingaben vor Absenden Ihrer verbindlichen Bestellung jederzeit korrigieren, indem Sie die hierf\u00fcr im Bestellablauf vorgesehenen und erl\u00e4uterten Korrekturhilfen nutzen. Der Vertrag kommt zustande, indem Sie durch Anklicken des Bestellbuttons das Angebot \u00fcber die im Warenkorb enthaltenen Waren annehmen. Unmittelbar nach dem Absenden der Bestellung erhalten Sie noch einmal eine Best\u00e4tigung per E-Mail.<\/span><\/p><p><span lang=\"de-DE\"><b>3. VERTRAGSSPRACHE, VERTRAGSTEXTSPEICHERUNG<\/b><\/span><\/p><p><span lang=\"de-DE\">Die f\u00fcr den Vertragsschluss zur Verf\u00fcgung stehende(n) Sprache(n): Deutsch, Niederl\u00e4ndisch<\/span><\/p><p><span lang=\"de-DE\">Der Vertragstext wird von uns nicht gespeichert.<\/span><\/p><p><span lang=\"de-DE\"><b>4. LIEFERBEDINGUNGEN <\/b><\/span><\/p><p><span lang=\"de-DE\">Zuz\u00fcglich zu den angegebenen Produktpreisen k\u00f6nnen noch Versandkosten anfallen. N\u00e4here Bestimmungen zu ggf. anfallenden Versandkosten erfahren Sie bei den Angeboten.<\/span><\/p><p><span lang=\"de-DE\">Sie haben grunds\u00e4tzlich die M\u00f6glichkeit der Abholung bei Moens &#8211; <\/span><span lang=\"de-DE\">Pure Horse Paradise<\/span><span lang=\"de-DE\">, J\u00fcmberger Str. 8, 26909, Deutschland zu den nachfolgend angegebenen Gesch\u00e4ftszeiten: 9 &#8211; 20.00 Uhr<\/span><\/p><p><span lang=\"de-DE\"><b>5. BEZAHLUNG <\/b><\/span><\/p><p><span lang=\"de-DE\">In unserem Shop stehen Ihnen grunds\u00e4tzlich die folgenden Zahlungsarten zur Verf\u00fcgung:<\/span><\/p><p><span lang=\"de-DE\">Sisow<\/span><\/p><p><span lang=\"de-DE\">Online-Zahlungssystem<\/span><\/p><p><span lang=\"de-DE\">PayPal<\/span><\/p><p><span lang=\"de-DE\">Im Bestellprozess werden Sie auf die Webseite des Online-Anbieters PayPal weitergeleitet. Um den Rechnungsbetrag \u00fcber PayPal bezahlen zu k\u00f6nnen, m\u00fcssen Sie dort registriert sein bzw. sich erst registrieren, mit Ihren Zugangsdaten legitimieren und die Zahlungsanweisung an uns best\u00e4tigen. Nach Abgabe der Bestellung im Shop fordern wir PayPal zur Einleitung der Zahlungstransaktion auf. Die Zahlungstransaktion wird durch PayPal unmittelbar danach automatisch durchgef\u00fchrt. Weitere Hinweise erhalten Sie beim Bestellvorgang. <\/span><\/p><p><span lang=\"de-DE\">Giropay <\/span><\/p><p><span lang=\"de-DE\">Nach Abgabe der Bestellung werden Sie auf die Webseite Ihrer Bank weitergeleitet. Um den Rechnungsbetrag \u00fcber Giropay bezahlen zu k\u00f6nnen, m\u00fcssen Sie \u00fcber ein f\u00fcr Online-Banking freigeschaltetes Bankkonto verf\u00fcgen, sich entsprechend legitimieren und die Zahlungsanweisung an uns best\u00e4tigen. Weitere Hinweise erhalten Sie beim Bestellvorgang. Die Zahlungstransaktion wird unmittelbar danach durchgef\u00fchrt und Ihr Konto belastet.<\/span><\/p><p><span lang=\"de-DE\"><b>6. EIGENTUMSVORBEHALT <\/b><\/span><\/p><p><span lang=\"de-DE\">Die Ware bleibt bis zur vollst\u00e4ndigen Bezahlung unser Eigentum.<\/span><\/p><p><span lang=\"de-DE\"><b>7. GEW\u00c4HRLEISTUNG UND GARANTIEN <\/b><\/span><\/p><p><span lang=\"de-DE\">Es gilt das gesetzliche M\u00e4ngelhaftungsrecht. Informationen zu gegebenenfalls geltenden zus\u00e4tzlichen Garantien und deren genaue Bedingungen finden Sie jeweils beim Produkt und auf besonderen Informationsseiten im Online-Shop.<\/span><\/p><p><span lang=\"de-DE\"><b>8. HAFTUNG <\/b><\/span><\/p><p><span lang=\"de-DE\">F\u00fcr Anspr\u00fcche aufgrund von Sch\u00e4den, die durch uns, unsere gesetzlichen Vertreter oder Erf\u00fcllungsgehilfen verursacht wurden, haften wir stets unbeschr\u00e4nkt<\/span><\/p><p>\u2022 <span lang=\"de-DE\">bei Verletzung des Lebens, des K\u00f6rpers oder der Gesundheit<\/span><\/p><p>\u2022 <span lang=\"de-DE\">bei vors\u00e4tzlicher oder grob fahrl\u00e4ssiger Pflichtverletzung<\/span><\/p><p>\u2022 <span lang=\"de-DE\">bei Garantieversprechen, soweit vereinbart, oder<\/span><\/p><p>\u2022 <span lang=\"de-DE\">soweit der Anwendungsbereich des Produkthaftungsgesetzes er\u00f6ffnet ist.<\/span><\/p><p><span lang=\"de-DE\">Bei Verletzung wesentlicher Vertragspflichten, deren Erf\u00fcllung die ordnungsgem\u00e4\u00dfe Durchf\u00fchrung des Vertrages \u00fcberhaupt erst erm\u00f6glicht und auf deren Einhaltung der Vertragspartner regelm\u00e4\u00dfig vertrauen darf, (Kardinalpflichten) durch leichte Fahrl\u00e4ssigkeit von uns, unseren gesetzlichen Vertretern oder Erf\u00fcllungsgehilfen ist die Haftung der H\u00f6he nach auf den bei Vertragsschluss vorhersehbaren Schaden begrenzt, mit dessen Entstehung typischerweise gerechnet werden muss.<\/span><\/p><p><span lang=\"de-DE\">Im \u00dcbrigen sind Anspr\u00fcche auf Schadensersatz ausgeschlossen.<\/span><\/p><p><span lang=\"de-DE\"><b>9. STREITBEILEGUNG <\/b><\/span><\/p><p><span lang=\"de-DE\">Die Europ\u00e4ische Kommission stellt eine Plattform zur Online-Streitbeilegung (OS) bereit, die Sie hier [https:\/\/ec.europa.eu\/consumers\/odr\/] finden. Zur Teilnahme an einem Streitbeilegungsverfahren vor einer Verbraucherschlichtungsstelle sind wir nicht verpflichtet und nicht bereit. <\/span><\/p><p><span lang=\"de-DE\">AGB erstellt mit rechtstexter.de [https:\/\/legal.trustedshops.com\/legalwizard].<\/span><\/p>\t\t\t\t\t\t\t\t<\/div>\n\t\t\t\t<\/div>\n\t\t\t\t\t<\/div>\n\t\t\t\t<\/div>\n\t\t\t\t<\/div>\n\t\t","protected":false},"excerpt":{"rendered":"<p>1. GELTUNGSBEREICH F\u00fcr alle Bestellungen \u00fcber unseren Online-Shop gelten die nachfolgenden AGB. Unser Online-Shop richtet sich ausschlie\u00dflich an Verbraucher. Verbraucher ist jede nat\u00fcrliche Person, die ein Rechtsgesch\u00e4ft zu Zwecken abschlie\u00dft,&hellip;<\/p>","protected":false},"author":1,"featured_media":0,"parent":0,"menu_order":0,"comment_status":"closed","ping_status":"closed","template":"","meta":{"footnotes":""},"folder":[],"class_list":["post-20736","page","type-page","status-publish","hentry"],"_links":{"self":[{"href":"https:\/\/purehorseparadise.com\/nl\/wp-json\/wp\/v2\/pages\/20736","targetHints":{"allow":["GET"]}}],"collection":[{"href":"https:\/\/purehorseparadise.com\/nl\/wp-json\/wp\/v2\/pages"}],"about":[{"href":"https:\/\/purehorseparadise.com\/nl\/wp-json\/wp\/v2\/types\/page"}],"author":[{"embeddable":true,"href":"https:\/\/purehorseparadise.com\/nl\/wp-json\/wp\/v2\/users\/1"}],"replies":[{"embeddable":true,"href":"https:\/\/purehorseparadise.com\/nl\/wp-json\/wp\/v2\/comments?post=20736"}],"version-history":[{"count":0,"href":"https:\/\/purehorseparadise.com\/nl\/wp-json\/wp\/v2\/pages\/20736\/revisions"}],"wp:attachment":[{"href":"https:\/\/purehorseparadise.com\/nl\/wp-json\/wp\/v2\/media?parent=20736"}],"wp:term":[{"taxonomy":"folder","embeddable":true,"href":"https:\/\/purehorseparadise.com\/nl\/wp-json\/wp\/v2\/folder?post=20736"}],"curies":[{"name":"wp","href":"https:\/\/api.w.org\/{rel}","templated":true}]}}